{"id":631,"date":"2025-10-14T18:38:11","date_gmt":"2025-10-14T16:38:11","guid":{"rendered":"https:\/\/ouryservicessecurite.com\/vip\/\/?page_id=631"},"modified":"2025-10-14T18:54:20","modified_gmt":"2025-10-14T16:54:20","slug":"home","status":"publish","type":"page","link":"https:\/\/ouryservicessecurite.com\/vip\/","title":{"rendered":"Home"},"content":{"rendered":"\t\t<div data-elementor-type=\"wp-page\" data-elementor-id=\"631\" class=\"elementor elementor-631\" data-elementor-post-type=\"page\">\n\t\t\t\t<div class=\"elementor-element elementor-element-a045191 e-con-full e-flex e-con e-parent\" data-id=\"a045191\" data-element_type=\"container\" data-settings=\"{&quot;background_background&quot;:&quot;classic&quot;}\">\n\t\t\t\t<div class=\"elementor-element elementor-element-323698d elementor-widget elementor-widget-prime-slider-general\" data-id=\"323698d\" data-element_type=\"widget\" data-widget_type=\"prime-slider-general.meteor\">\n\t\t\t\t\t\t\t<div class=\"bdt-prime-slider\">\n\t\t\t<div class=\"bdt-prime-slider-skin-meteor\">\n\t\t\t\t<div class=\"bdt-position-relative bdt-visible-toggle\" bdt-slideshow=\"{&quot;animation&quot;:&quot;fade&quot;,&quot;ratio&quot;:&quot;16:9&quot;,&quot;min-height&quot;:480,&quot;autoplay&quot;:true,&quot;autoplay-interval&quot;:7000,&quot;pause-on-hover&quot;:false,&quot;draggable&quot;:true,&quot;velocity&quot;:1,&quot;finite&quot;:false}\" data-settings=\"{&quot;id&quot;:&quot;#bdt-323698d&quot;,&quot;animation_status&quot;:&quot;no&quot;}\" id=\"bdt-323698d\">\n\t\t\t\t\t<ul class=\"bdt-slideshow-items\">\n\t\t\t\t\t\t\n            <li class=\"bdt-slideshow-item bdt-flex bdt-flex-middle elementor-repeater-item-b1b3b92\">\n                \n                                            \n\t\t<div class=\"bdt-ps-slide-img\" style=\"background-image: url('https:\/\/ouryservicessecurite.com\/vip\/wp-content\/uploads\/2025\/09\/oss_04-scaled_lwsoptimized.webp')\"><\/div>\n\n\t\t                    \n                    \n                \n                        <div class=\"bdt-prime-slider-wrapper\">\n            <div class=\"bdt-prime-slider-content\">\n                <div class=\"bdt-prime-slider-desc\">\n\n                    \n                                            <div class=\"bdt-main-title\"  data-bdt-slideshow-parallax=\"x: 500,0,-100; opacity: 1,1,0\" data-reveal=\"reveal-active\">\n                            <h1 class=\"bdt-title-tag\">\n                                                                    OURY SERVICES SECURITE                                                            <\/h1>\n                        <\/div>\n                    \n                                            <div class=\"bdt-slider-excerpt\" data-reveal=\"reveal-active\" data-bdt-slideshow-parallax=\"x: 600,0,-100; opacity: 1,1,0\">\n                            <p>Votre partenaire de confiance pour la s\u00e9curit\u00e9 priv\u00e9e en Guin\u00e9e. Professionnelle 24h\/24 et 7j\/7.<\/p>                        <\/div>\n                    \n                    <div data-bdt-slideshow-parallax=\"x: 700,0,-100; opacity: 1,1,0\">\n\n                        \n                    <\/div>\n                <\/div>\n\n            <\/div>\n        <\/div>\n                    <\/li>\n\n        \n            <li class=\"bdt-slideshow-item bdt-flex bdt-flex-middle elementor-repeater-item-6de7860\">\n                \n                                            \n\t\t<div class=\"bdt-ps-slide-img\" style=\"background-image: url('https:\/\/ouryservicessecurite.com\/vip\/wp-content\/uploads\/2025\/09\/oss_02-scaled_lwsoptimized.webp')\"><\/div>\n\n\t\t                    \n                    \n                \n                        <div class=\"bdt-prime-slider-wrapper\">\n            <div class=\"bdt-prime-slider-content\">\n                <div class=\"bdt-prime-slider-desc\">\n\n                    \n                                            <div class=\"bdt-main-title\"  data-bdt-slideshow-parallax=\"x: 500,0,-100; opacity: 1,1,0\" data-reveal=\"reveal-active\">\n                            <h1 class=\"bdt-title-tag\">\n                                                                    GARDIENNAGE PROFESSIONNEL                                                            <\/h1>\n                        <\/div>\n                    \n                                            <div class=\"bdt-slider-excerpt\" data-reveal=\"reveal-active\" data-bdt-slideshow-parallax=\"x: 600,0,-100; opacity: 1,1,0\">\n                            <p>Agent qualifi\u00e9s et \u00e9quipements modernes pour une protection optimale de vos biens et personnes.<\/p>                        <\/div>\n                    \n                    <div data-bdt-slideshow-parallax=\"x: 700,0,-100; opacity: 1,1,0\">\n\n                        \n                    <\/div>\n                <\/div>\n\n            <\/div>\n        <\/div>\n                    <\/li>\n\n        \n            <li class=\"bdt-slideshow-item bdt-flex bdt-flex-middle elementor-repeater-item-1e1bb78\">\n                \n                                            \n\t\t<div class=\"bdt-ps-slide-img\" style=\"background-image: url('https:\/\/ouryservicessecurite.com\/vip\/wp-content\/uploads\/2025\/09\/1523-scaled_lwsoptimized.webp')\"><\/div>\n\n\t\t                    \n                    \n                \n                        <div class=\"bdt-prime-slider-wrapper\">\n            <div class=\"bdt-prime-slider-content\">\n                <div class=\"bdt-prime-slider-desc\">\n\n                    \n                                            <div class=\"bdt-main-title\"  data-bdt-slideshow-parallax=\"x: 500,0,-100; opacity: 1,1,0\" data-reveal=\"reveal-active\">\n                            <h1 class=\"bdt-title-tag\">\n                                                                    SURVEILLANCE 24H\/24                                                            <\/h1>\n                        <\/div>\n                    \n                                            <div class=\"bdt-slider-excerpt\" data-reveal=\"reveal-active\" data-bdt-slideshow-parallax=\"x: 600,0,-100; opacity: 1,1,0\">\n                            <p>Surveillance continue et rondes de s\u00e9curit\u00e9 pour une protection sans faille de vos installations.<\/p>                        <\/div>\n                    \n                    <div data-bdt-slideshow-parallax=\"x: 700,0,-100; opacity: 1,1,0\">\n\n                        \n                    <\/div>\n                <\/div>\n\n            <\/div>\n        <\/div>\n                    <\/li>\n\n        \n        <\/ul>\n\n                \n        \n        \n                    <div class=\"bdt-prime-slider-footer-content bdt-height-small bdt-flex-middle bdt-position-bottom-right\" bdt-grid>\n                        <div class=\"bdt-width-1-6\">\n                            \t\t<div class=\"bdt-scroll-down-wrapper\">\n\t\t\t<button class=\"bdt-scroll-down reveal-muted\" data-settings=\"[]\" data-selector=\"#voir plus\">\n\t\t\t\t\t\t<span bdt-scrollspy=\"cls: bdt-animation-slide-right; repeat: true\" class=\"bdt-scroll-down-content-wrapper\">\n\t\t\t<span class=\"bdt-scroll-icon\">\n\n\t\t\t\t<svg version=\"1.1\" id=\"Capa_1\" xmlns=\"http:\/\/www.w3.org\/2000\/svg\" xmlns:xlink=\"http:\/\/www.w3.org\/1999\/xlink\"\n\t\t\t\t\tx=\"0px\" y=\"0px\" viewBox=\"0 0 64 64\" style=\"enable-background:new 0 0 64 64;\" xml:space=\"preserve\">\n\t\t\t\t\t<g>\n\t\t\t\t\t\t<g>\n\t\t\t\t\t\t\t<polygon\n\t\t\t\t\t\t\t\tpoints=\"31,0 31,60.586 23.707,53.293 22.293,54.854 31.293,64 32.707,64 41.707,54.854 40.293,53.366 33,60.586 33,0 \" \/>\n\t\t\t\t\t\t<\/g>\n\t\t\t\t\t<\/g>\n\t\t\t\t\t<g><\/g>\n\t\t\t\t\t<g><\/g>\n\t\t\t\t\t<g><\/g>\n\t\t\t\t\t<g><\/g>\n\t\t\t\t\t<g><\/g>\n\t\t\t\t\t<g><\/g>\n\t\t\t\t\t<g><\/g>\n\t\t\t\t\t<g><\/g>\n\t\t\t\t\t<g><\/g>\n\t\t\t\t\t<g><\/g>\n\t\t\t\t\t<g><\/g>\n\t\t\t\t\t<g><\/g>\n\t\t\t\t\t<g><\/g>\n\t\t\t\t\t<g><\/g>\n\t\t\t\t\t<g><\/g>\n\t\t\t\t<\/svg>\n\n\t\t\t<\/span>\n\t\t\t<span class=\"bdt-scroll-down-text\"><\/span>\n\t\t<\/span>\n\t\t\t\t\t<\/button>\n\t\t<\/div>\n\n\t\t                        <\/div>\n                        <div class=\"bdt-width-1-6\">\n                            <div class=\"bdt-slide-thumbnav-img bdt-height-small\">\n                                                                    <li bdt-slideshow-item=\"2\" data-label=\"01\">\n\n                                                                                            <img  alt=\"OURY SERVICES SECURITE\" bdt-cover class=\"lws-optimize-lazyload\" data-src=\"https:\/\/ouryservicessecurite.com\/vip\/wp-content\/uploads\/2025\/09\/oss_04-scaled_lwsoptimized-150x150.webp\">\n                                                \n                                    <\/li>\n                                                                    <li bdt-slideshow-item=\"0\" data-label=\"02\">\n\n                                                                                            <img  alt=\"GARDIENNAGE PROFESSIONNEL\" bdt-cover class=\"lws-optimize-lazyload\" data-src=\"https:\/\/ouryservicessecurite.com\/vip\/wp-content\/uploads\/2025\/09\/oss_02-scaled_lwsoptimized-150x150.webp\">\n                                                \n                                    <\/li>\n                                                                    <li bdt-slideshow-item=\"1\" data-label=\"03\">\n\n                                                                                            <img  alt=\"SURVEILLANCE 24H\/24\" bdt-cover class=\"lws-optimize-lazyload\" data-src=\"https:\/\/ouryservicessecurite.com\/vip\/wp-content\/uploads\/2025\/09\/1523-scaled_lwsoptimized-150x150.webp\">\n                                                \n                                    <\/li>\n                                                            <\/div>\n                        <\/div>\n                        <div class=\"bdt-width-expand bdt-social-background bdt-height-small\">\n                            <ul class=\"bdt-ps-meta\">\n                                                                    <li bdt-slideshow-item=\"0\" data-label=\"01\">\n\n                                                                                    <div class=\"bdt-slider-excerpt bdt-column-1-2\" data-reveal=\"reveal-active\" data-bdt-slideshow-parallax=\"y: 300,0,-100; opacity: 1,1,0\">\n                                                <p>Votre partenaire de confiance pour la s\u00e9curit\u00e9 priv\u00e9e en Guin\u00e9e. Professionnelle 24h\/24 et 7j\/7.<\/p>                                            <\/div>\n                                        \n                                    <\/li>\n                                                                    <li bdt-slideshow-item=\"1\" data-label=\"02\">\n\n                                                                                    <div class=\"bdt-slider-excerpt bdt-column-1-2\" data-reveal=\"reveal-active\" data-bdt-slideshow-parallax=\"y: 300,0,-100; opacity: 1,1,0\">\n                                                <p>Agent qualifi\u00e9s et \u00e9quipements modernes pour une protection optimale de vos biens et personnes.<\/p>                                            <\/div>\n                                        \n                                    <\/li>\n                                                                    <li bdt-slideshow-item=\"2\" data-label=\"03\">\n\n                                                                                    <div class=\"bdt-slider-excerpt bdt-column-1-2\" data-reveal=\"reveal-active\" data-bdt-slideshow-parallax=\"y: 300,0,-100; opacity: 1,1,0\">\n                                                <p>Surveillance continue et rondes de s\u00e9curit\u00e9 pour une protection sans faille de vos installations.<\/p>                                            <\/div>\n                                        \n                                    <\/li>\n                                \n                            <\/ul>\n                        <\/div>\n                        <div class=\"bdt-width-1-6 bdt-flex bdt-flex-middle bdt-flex-center bdt-height-small  bdt-social-bg-color bdt-padding-remove\">\n                            \n\t\t<div class=\"bdt-prime-slider-social-icon reveal-muted\">\n\n\t\t\t\n\t\t\t                <a class=\"bdt-social-animate\" href=\"https:\/\/www.instagram.com\/ouryservicessecurite\/\" data-bdt-tooltip=\"title: Facebook; pos: top\">\n                    <svg aria-hidden=\"true\" class=\"fa-fw e-font-icon-svg e-fab-facebook-f\" viewBox=\"0 0 320 512\" xmlns=\"http:\/\/www.w3.org\/2000\/svg\"><path d=\"M279.14 288l14.22-92.66h-88.91v-60.13c0-25.35 12.42-50.06 52.24-50.06h40.42V6.26S260.43 0 225.36 0c-73.22 0-121.08 44.38-121.08 124.72v70.62H22.89V288h81.39v224h100.17V288z\"><\/path><\/svg>                <\/a>\n                            <a class=\"bdt-social-animate\" href=\"https:\/\/www.instagram.com\/ouryservicessecurite\/\" data-bdt-tooltip=\"title: Instagram; pos: top\">\n                    <svg aria-hidden=\"true\" class=\"fa-fw e-font-icon-svg e-fab-instagram\" viewBox=\"0 0 448 512\" xmlns=\"http:\/\/www.w3.org\/2000\/svg\"><path d=\"M224.1 141c-63.6 0-114.9 51.3-114.9 114.9s51.3 114.9 114.9 114.9S339 319.5 339 255.9 287.7 141 224.1 141zm0 189.6c-41.1 0-74.7-33.5-74.7-74.7s33.5-74.7 74.7-74.7 74.7 33.5 74.7 74.7-33.6 74.7-74.7 74.7zm146.4-194.3c0 14.9-12 26.8-26.8 26.8-14.9 0-26.8-12-26.8-26.8s12-26.8 26.8-26.8 26.8 12 26.8 26.8zm76.1 27.2c-1.7-35.9-9.9-67.7-36.2-93.9-26.2-26.2-58-34.4-93.9-36.2-37-2.1-147.9-2.1-184.9 0-35.8 1.7-67.6 9.9-93.9 36.1s-34.4 58-36.2 93.9c-2.1 37-2.1 147.9 0 184.9 1.7 35.9 9.9 67.7 36.2 93.9s58 34.4 93.9 36.2c37 2.1 147.9 2.1 184.9 0 35.9-1.7 67.7-9.9 93.9-36.2 26.2-26.2 34.4-58 36.2-93.9 2.1-37 2.1-147.8 0-184.8zM398.8 388c-7.8 19.6-22.9 34.7-42.6 42.6-29.5 11.7-99.5 9-132.1 9s-102.7 2.6-132.1-9c-19.6-7.8-34.7-22.9-42.6-42.6-11.7-29.5-9-99.5-9-132.1s-2.6-102.7 9-132.1c7.8-19.6 22.9-34.7 42.6-42.6 29.5-11.7 99.5-9 132.1-9s102.7-2.6 132.1 9c19.6 7.8 34.7 22.9 42.6 42.6 11.7 29.5 9 99.5 9 132.1s2.7 102.7-9 132.1z\"><\/path><\/svg>                <\/a>\n                            <a class=\"bdt-social-animate\" href=\"https:\/\/www.instagram.com\/ouryservicessecurite\/\" data-bdt-tooltip=\"title: twitter; pos: top\">\n                    <svg aria-hidden=\"true\" class=\"fa-fw e-font-icon-svg e-fab-twitter\" viewBox=\"0 0 512 512\" xmlns=\"http:\/\/www.w3.org\/2000\/svg\"><path d=\"M459.37 151.716c.325 4.548.325 9.097.325 13.645 0 138.72-105.583 298.558-298.558 298.558-59.452 0-114.68-17.219-161.137-47.106 8.447.974 16.568 1.299 25.34 1.299 49.055 0 94.213-16.568 130.274-44.832-46.132-.975-84.792-31.188-98.112-72.772 6.498.974 12.995 1.624 19.818 1.624 9.421 0 18.843-1.3 27.614-3.573-48.081-9.747-84.143-51.98-84.143-102.985v-1.299c13.969 7.797 30.214 12.67 47.431 13.319-28.264-18.843-46.781-51.005-46.781-87.391 0-19.492 5.197-37.36 14.294-52.954 51.655 63.675 129.3 105.258 216.365 109.807-1.624-7.797-2.599-15.918-2.599-24.04 0-57.828 46.782-104.934 104.934-104.934 30.213 0 57.502 12.67 76.67 33.137 23.715-4.548 46.456-13.32 66.599-25.34-7.798 24.366-24.366 44.833-46.132 57.827 21.117-2.273 41.584-8.122 60.426-16.243-14.292 20.791-32.161 39.308-52.628 54.253z\"><\/path><\/svg>                <\/a>\n            \t\t<\/div>\n\n\t\t                        <\/div>\n                    <\/div>\n\n                <\/div>\n            <\/div>\n        <\/div>\n        \t\t\t\t<\/div>\n\t\t\t\t<\/div>\n\t\t\t\t<\/div>\n\t\t","protected":false},"excerpt":{"rendered":"<p>OURY SERVICES SECURITE Votre partenaire de confiance pour la s\u00e9curit\u00e9 priv\u00e9e en Guin\u00e9e. Professionnelle 24h\/24 et 7j\/7. GARDIENNAGE PROFESSIONNEL Agent qualifi\u00e9s et \u00e9quipements modernes pour une protection optimale de vos biens et personnes. SURVEILLANCE 24H\/24 Surveillance continue et rondes de s\u00e9curit\u00e9 pour une protection sans faille de vos installations. Votre partenaire de confiance pour la [&hellip;]<\/p>\n","protected":false},"author":1,"featured_media":0,"parent":0,"menu_order":0,"comment_status":"closed","ping_status":"closed","template":"elementor_header_footer","meta":{"footnotes":""},"class_list":["post-631","page","type-page","status-publish","hentry"],"yoast_head":"<!-- This site is optimized with the Yoast SEO plugin v26.1.1 - https:\/\/yoast.com\/wordpress\/plugins\/seo\/ -->\n<title>Home - Oury services securit\u00e9<\/title>\n<meta name=\"robots\" content=\"index, follow, max-snippet:-1, max-image-preview:large, max-video-preview:-1\" \/>\n<link rel=\"canonical\" href=\"https:\/\/ouryservicessecurite.com\/vip\/\" \/>\n<meta property=\"og:locale\" content=\"fr_FR\" \/>\n<meta property=\"og:type\" content=\"article\" \/>\n<meta property=\"og:title\" content=\"Home - Oury services securit\u00e9\" \/>\n<meta property=\"og:description\" content=\"OURY SERVICES SECURITE Votre partenaire de confiance pour la s\u00e9curit\u00e9 priv\u00e9e en Guin\u00e9e. Professionnelle 24h\/24 et 7j\/7. GARDIENNAGE PROFESSIONNEL Agent qualifi\u00e9s et \u00e9quipements modernes pour une protection optimale de vos biens et personnes. SURVEILLANCE 24H\/24 Surveillance continue et rondes de s\u00e9curit\u00e9 pour une protection sans faille de vos installations. Votre partenaire de confiance pour la [&hellip;]\" \/>\n<meta property=\"og:url\" content=\"https:\/\/ouryservicessecurite.com\/vip\/\" \/>\n<meta property=\"og:site_name\" content=\"Oury services securit\u00e9\" \/>\n<meta property=\"article:modified_time\" content=\"2025-10-14T16:54:20+00:00\" \/>\n<meta property=\"og:image\" content=\"https:\/\/ouryservicessecurite.com\/vip\/\/wp-content\/uploads\/2025\/09\/oss_04-scaled_lwsoptimized-150x150.webp\" \/>\n<meta name=\"twitter:card\" content=\"summary_large_image\" \/>\n<meta name=\"twitter:label1\" content=\"Dur\u00e9e de lecture estim\u00e9e\" \/>\n\t<meta name=\"twitter:data1\" content=\"2 minutes\" \/>\n<script type=\"application\/ld+json\" class=\"yoast-schema-graph\">{\"@context\":\"https:\/\/schema.org\",\"@graph\":[{\"@type\":\"WebPage\",\"@id\":\"https:\/\/ouryservicessecurite.com\/vip\/\",\"url\":\"https:\/\/ouryservicessecurite.com\/vip\/\",\"name\":\"Home - Oury services securit\u00e9\",\"isPartOf\":{\"@id\":\"https:\/\/ouryservicessecurite.com\/vip\/#website\"},\"primaryImageOfPage\":{\"@id\":\"https:\/\/ouryservicessecurite.com\/vip\/#primaryimage\"},\"image\":{\"@id\":\"https:\/\/ouryservicessecurite.com\/vip\/#primaryimage\"},\"thumbnailUrl\":\"https:\/\/ouryservicessecurite.com\/vip\/\/wp-content\/uploads\/2025\/09\/oss_04-scaled_lwsoptimized-150x150.webp\",\"datePublished\":\"2025-10-14T16:38:11+00:00\",\"dateModified\":\"2025-10-14T16:54:20+00:00\",\"breadcrumb\":{\"@id\":\"https:\/\/ouryservicessecurite.com\/vip\/#breadcrumb\"},\"inLanguage\":\"fr-FR\",\"potentialAction\":[{\"@type\":\"ReadAction\",\"target\":[\"https:\/\/ouryservicessecurite.com\/vip\/\"]}]},{\"@type\":\"ImageObject\",\"inLanguage\":\"fr-FR\",\"@id\":\"https:\/\/ouryservicessecurite.com\/vip\/#primaryimage\",\"url\":\"https:\/\/ouryservicessecurite.com\/vip\/\/wp-content\/uploads\/2025\/09\/oss_04-scaled_lwsoptimized-150x150.webp\",\"contentUrl\":\"https:\/\/ouryservicessecurite.com\/vip\/\/wp-content\/uploads\/2025\/09\/oss_04-scaled_lwsoptimized-150x150.webp\"},{\"@type\":\"BreadcrumbList\",\"@id\":\"https:\/\/ouryservicessecurite.com\/vip\/#breadcrumb\",\"itemListElement\":[{\"@type\":\"ListItem\",\"position\":1,\"name\":\"Home\",\"item\":\"https:\/\/ouryservicessecurite.com\/vip\/\"},{\"@type\":\"ListItem\",\"position\":2,\"name\":\"Home\"}]},{\"@type\":\"WebSite\",\"@id\":\"https:\/\/ouryservicessecurite.com\/vip\/#website\",\"url\":\"https:\/\/ouryservicessecurite.com\/vip\/\",\"name\":\"Oury services securit\u00e9\",\"description\":\"SOCIETE\",\"publisher\":{\"@id\":\"https:\/\/ouryservicessecurite.com\/vip\/#organization\"},\"potentialAction\":[{\"@type\":\"SearchAction\",\"target\":{\"@type\":\"EntryPoint\",\"urlTemplate\":\"https:\/\/ouryservicessecurite.com\/vip\/?s={search_term_string}\"},\"query-input\":{\"@type\":\"PropertyValueSpecification\",\"valueRequired\":true,\"valueName\":\"search_term_string\"}}],\"inLanguage\":\"fr-FR\"},{\"@type\":\"Organization\",\"@id\":\"https:\/\/ouryservicessecurite.com\/vip\/#organization\",\"name\":\"Oury services securit\u00e9\",\"url\":\"https:\/\/ouryservicessecurite.com\/vip\/\",\"logo\":{\"@type\":\"ImageObject\",\"inLanguage\":\"fr-FR\",\"@id\":\"https:\/\/ouryservicessecurite.com\/vip\/#\/schema\/logo\/image\/\",\"url\":\"https:\/\/ouryservicessecurite.com\/vip\/wp-content\/uploads\/2025\/09\/cropped-logo_oss_lwsoptimized.webp\",\"contentUrl\":\"https:\/\/ouryservicessecurite.com\/vip\/wp-content\/uploads\/2025\/09\/cropped-logo_oss_lwsoptimized.webp\",\"width\":500,\"height\":500,\"caption\":\"Oury services securit\u00e9\"},\"image\":{\"@id\":\"https:\/\/ouryservicessecurite.com\/vip\/#\/schema\/logo\/image\/\"}}]}<\/script>\n<!-- \/ Yoast SEO plugin. -->","yoast_head_json":{"title":"Home - Oury services securit\u00e9","robots":{"index":"index","follow":"follow","max-snippet":"max-snippet:-1","max-image-preview":"max-image-preview:large","max-video-preview":"max-video-preview:-1"},"canonical":"https:\/\/ouryservicessecurite.com\/vip\/","og_locale":"fr_FR","og_type":"article","og_title":"Home - Oury services securit\u00e9","og_description":"OURY SERVICES SECURITE Votre partenaire de confiance pour la s\u00e9curit\u00e9 priv\u00e9e en Guin\u00e9e. Professionnelle 24h\/24 et 7j\/7. GARDIENNAGE PROFESSIONNEL Agent qualifi\u00e9s et \u00e9quipements modernes pour une protection optimale de vos biens et personnes. SURVEILLANCE 24H\/24 Surveillance continue et rondes de s\u00e9curit\u00e9 pour une protection sans faille de vos installations. Votre partenaire de confiance pour la [&hellip;]","og_url":"https:\/\/ouryservicessecurite.com\/vip\/","og_site_name":"Oury services securit\u00e9","article_modified_time":"2025-10-14T16:54:20+00:00","og_image":[{"url":"https:\/\/ouryservicessecurite.com\/vip\/\/wp-content\/uploads\/2025\/09\/oss_04-scaled_lwsoptimized-150x150.webp","type":"","width":"","height":""}],"twitter_card":"summary_large_image","twitter_misc":{"Dur\u00e9e de lecture estim\u00e9e":"2 minutes"},"schema":{"@context":"https:\/\/schema.org","@graph":[{"@type":"WebPage","@id":"https:\/\/ouryservicessecurite.com\/vip\/","url":"https:\/\/ouryservicessecurite.com\/vip\/","name":"Home - Oury services securit\u00e9","isPartOf":{"@id":"https:\/\/ouryservicessecurite.com\/vip\/#website"},"primaryImageOfPage":{"@id":"https:\/\/ouryservicessecurite.com\/vip\/#primaryimage"},"image":{"@id":"https:\/\/ouryservicessecurite.com\/vip\/#primaryimage"},"thumbnailUrl":"https:\/\/ouryservicessecurite.com\/vip\/\/wp-content\/uploads\/2025\/09\/oss_04-scaled_lwsoptimized-150x150.webp","datePublished":"2025-10-14T16:38:11+00:00","dateModified":"2025-10-14T16:54:20+00:00","breadcrumb":{"@id":"https:\/\/ouryservicessecurite.com\/vip\/#breadcrumb"},"inLanguage":"fr-FR","potentialAction":[{"@type":"ReadAction","target":["https:\/\/ouryservicessecurite.com\/vip\/"]}]},{"@type":"ImageObject","inLanguage":"fr-FR","@id":"https:\/\/ouryservicessecurite.com\/vip\/#primaryimage","url":"https:\/\/ouryservicessecurite.com\/vip\/\/wp-content\/uploads\/2025\/09\/oss_04-scaled_lwsoptimized-150x150.webp","contentUrl":"https:\/\/ouryservicessecurite.com\/vip\/\/wp-content\/uploads\/2025\/09\/oss_04-scaled_lwsoptimized-150x150.webp"},{"@type":"BreadcrumbList","@id":"https:\/\/ouryservicessecurite.com\/vip\/#breadcrumb","itemListElement":[{"@type":"ListItem","position":1,"name":"Home","item":"https:\/\/ouryservicessecurite.com\/vip\/"},{"@type":"ListItem","position":2,"name":"Home"}]},{"@type":"WebSite","@id":"https:\/\/ouryservicessecurite.com\/vip\/#website","url":"https:\/\/ouryservicessecurite.com\/vip\/","name":"Oury services securit\u00e9","description":"SOCIETE","publisher":{"@id":"https:\/\/ouryservicessecurite.com\/vip\/#organization"},"potentialAction":[{"@type":"SearchAction","target":{"@type":"EntryPoint","urlTemplate":"https:\/\/ouryservicessecurite.com\/vip\/?s={search_term_string}"},"query-input":{"@type":"PropertyValueSpecification","valueRequired":true,"valueName":"search_term_string"}}],"inLanguage":"fr-FR"},{"@type":"Organization","@id":"https:\/\/ouryservicessecurite.com\/vip\/#organization","name":"Oury services securit\u00e9","url":"https:\/\/ouryservicessecurite.com\/vip\/","logo":{"@type":"ImageObject","inLanguage":"fr-FR","@id":"https:\/\/ouryservicessecurite.com\/vip\/#\/schema\/logo\/image\/","url":"https:\/\/ouryservicessecurite.com\/vip\/wp-content\/uploads\/2025\/09\/cropped-logo_oss_lwsoptimized.webp","contentUrl":"https:\/\/ouryservicessecurite.com\/vip\/wp-content\/uploads\/2025\/09\/cropped-logo_oss_lwsoptimized.webp","width":500,"height":500,"caption":"Oury services securit\u00e9"},"image":{"@id":"https:\/\/ouryservicessecurite.com\/vip\/#\/schema\/logo\/image\/"}}]}},"_links":{"self":[{"href":"https:\/\/ouryservicessecurite.com\/vip\/wp-json\/wp\/v2\/pages\/631","targetHints":{"allow":["GET"]}}],"collection":[{"href":"https:\/\/ouryservicessecurite.com\/vip\/wp-json\/wp\/v2\/pages"}],"about":[{"href":"https:\/\/ouryservicessecurite.com\/vip\/wp-json\/wp\/v2\/types\/page"}],"author":[{"embeddable":true,"href":"https:\/\/ouryservicessecurite.com\/vip\/wp-json\/wp\/v2\/users\/1"}],"replies":[{"embeddable":true,"href":"https:\/\/ouryservicessecurite.com\/vip\/wp-json\/wp\/v2\/comments?post=631"}],"version-history":[{"count":7,"href":"https:\/\/ouryservicessecurite.com\/vip\/wp-json\/wp\/v2\/pages\/631\/revisions"}],"predecessor-version":[{"id":649,"href":"https:\/\/ouryservicessecurite.com\/vip\/wp-json\/wp\/v2\/pages\/631\/revisions\/649"}],"wp:attachment":[{"href":"https:\/\/ouryservicessecurite.com\/vip\/wp-json\/wp\/v2\/media?parent=631"}],"curies":[{"name":"wp","href":"https:\/\/api.w.org\/{rel}","templated":true}]}}